{"id":9,"date":"2018-08-22T14:29:55","date_gmt":"2018-08-22T13:29:55","guid":{"rendered":"https:\/\/prettau-energie.com\/?page_id=9"},"modified":"2020-06-18T13:56:03","modified_gmt":"2020-06-18T12:56:03","slug":"einleitung","status":"publish","type":"page","link":"https:\/\/prettau-energie.com\/","title":{"rendered":"Initiative"},"content":{"rendered":"<p>Der Gedanke, das in Prettau reichlich vorhandene Wasser f\u00fcr die \u00d6ffentlichkeit zu nutzen und Wasserkraftwerke zur Stromerzeugung zum Wohle der Allgemeinheit zu bauen, war Ansto\u00df f\u00fcr den Grundsatzbeschluss den der Gemeinderat am 25. Mai 1994 fasste.<\/p>\n<p>Die Ausweisung von zwei E-Werken im Bauleitplan folgte: im Hasental und die Ahrstufe 1.<br \/>\nDer Grundstein f\u00fcr die Errichtung zweier Wasserkraftwerke war somit gelegt \u2013 eine umweltschonende Einnahmequelle f\u00fcr die Bev\u00f6lkerung der Gemeinde Prettau.<\/p>\n<p><img loading=\"lazy\" class=\"alignnone wp-image-12 size-full\" src=\"https:\/\/prettau-energie.com\/wp-content\/uploads\/2018\/08\/Header_1.jpg\" alt=\"\" width=\"1000\" height=\"526\" srcset=\"https:\/\/prettau-energie.com\/wp-content\/uploads\/2018\/08\/Header_1.jpg 1000w, https:\/\/prettau-energie.com\/wp-content\/uploads\/2018\/08\/Header_1-300x158.jpg 300w, https:\/\/prettau-energie.com\/wp-content\/uploads\/2018\/08\/Header_1-768x404.jpg 768w\" sizes=\"(max-width: 1000px) 100vw, 1000px\" \/><\/p>\n","protected":false},"excerpt":{"rendered":"<p>Der Gedanke, das in Prettau reichlich vorhandene Wasser f\u00fcr die \u00d6ffentlichkeit zu nutzen und Wasserkraftwerke zur Stromerzeugung zum Wohle der Allgemeinheit zu bauen, war Ansto\u00df f\u00fcr den Grundsatzbeschluss den der Gemeinderat am 25. Mai 1994 fasste. Die Ausweisung von zwei E-Werken im Bauleitplan folgte: im Hasental und die Ahrstufe 1. Der Grundstein f\u00fcr die Errichtung<br \/><a class=\"moretag\" href=\"https:\/\/prettau-energie.com\/\">+ Read More<\/a><\/p>\n","protected":false},"author":1,"featured_media":0,"parent":0,"menu_order":0,"comment_status":"closed","ping_status":"closed","template":"","meta":[],"_links":{"self":[{"href":"https:\/\/prettau-energie.com\/index.php?rest_route=\/wp\/v2\/pages\/9"}],"collection":[{"href":"https:\/\/prettau-energie.com\/index.php?rest_route=\/wp\/v2\/pages"}],"about":[{"href":"https:\/\/prettau-energie.com\/index.php?rest_route=\/wp\/v2\/types\/page"}],"author":[{"embeddable":true,"href":"https:\/\/prettau-energie.com\/index.php?rest_route=\/wp\/v2\/users\/1"}],"replies":[{"embeddable":true,"href":"https:\/\/prettau-energie.com\/index.php?rest_route=%2Fwp%2Fv2%2Fcomments&post=9"}],"version-history":[{"count":24,"href":"https:\/\/prettau-energie.com\/index.php?rest_route=\/wp\/v2\/pages\/9\/revisions"}],"predecessor-version":[{"id":217,"href":"https:\/\/prettau-energie.com\/index.php?rest_route=\/wp\/v2\/pages\/9\/revisions\/217"}],"wp:attachment":[{"href":"https:\/\/prettau-energie.com\/index.php?rest_route=%2Fwp%2Fv2%2Fmedia&parent=9"}],"curies":[{"name":"wp","href":"https:\/\/api.w.org\/{rel}","templated":true}]}}